{"id":8,"date":"2016-01-27T09:41:25","date_gmt":"2016-01-27T09:41:25","guid":{"rendered":"http:\/\/avadafreelance.wpengine.com\/?page_id=8"},"modified":"2024-09-21T12:07:08","modified_gmt":"2024-09-21T10:07:08","slug":"kontakt","status":"publish","type":"page","link":"https:\/\/www.rittenimmobilien.eu\/index.php\/kontakt\/","title":{"rendered":"KONTAKT"},"content":{"rendered":"<p><div class=\"fusion-fullwidth fullwidth-box fusion-builder-row-1 nonhundred-percent-fullwidth non-hundred-percent-height-scrolling\" style=\"background-color: #20232c;background-position: center center;background-repeat: no-repeat;padding-top:0px;padding-right:0px;padding-bottom:0px;padding-left:0px;margin-bottom: 0px;margin-top: 0px;border-width: 0px 0px 0px 0px;border-color:rgba(255,255,255,0);border-style:solid;\" ><div class=\"fusion-builder-row fusion-row\"><div class=\"fusion-layout-column fusion_builder_column fusion-builder-column-0 fusion_builder_column_2_5 2_5 fusion-two-fifth fusion-column-first\" style=\"width:40%;width:calc(40% - ( ( 4% ) * 0.4 ) );margin-right: 4%;margin-top:3%;margin-bottom:2%;\"><div class=\"fusion-column-wrapper fusion-flex-column-wrapper-legacy\" style=\"background-position:left top;background-repeat:no-repeat;-webkit-background-size:cover;-moz-background-size:cover;-o-background-size:cover;background-size:cover;padding: 10px 0px 0px 0px;\"><div class=\"fusion-text fusion-text-1\"><h2><span style=\"color: #ffffff;\">Kontaktieren Sie uns. Ihr Partner bei Immobilien.<\/span><\/h2>\n<\/div><div class=\"fusion-sep-clear\"><\/div><div class=\"fusion-separator fusion-full-width-sep\" style=\"margin-left: auto;margin-right: auto;margin-top:10px;width:100%;\"><\/div><div class=\"fusion-sep-clear\"><\/div><div class=\"fusion-text fusion-text-2\"><p>Unsere Hauptaufgabe besteht darin Baugr\u00fcnde, Objekte jeglicher Art zu kaufen, sie zu verbauen und verkaufen oder vermieten. Dabei ist es uns ein Anliegen f\u00fcr Baugr\u00fcnde und Objekte den richtigen Preis zu bezahlen.<\/p>\n<\/div><div class=\"fusion-clearfix\"><\/div><\/div><\/div><div class=\"fusion-layout-column fusion_builder_column fusion-builder-column-1 fusion_builder_column_3_5 3_5 fusion-three-fifth fusion-column-last\" style=\"width:60%;width:calc(60% - ( ( 4% ) * 0.6 ) );margin-top:3%;margin-bottom:3%;\"><div class=\"fusion-column-wrapper fusion-flex-column-wrapper-legacy\" style=\"background-position:left top;background-repeat:no-repeat;-webkit-background-size:cover;-moz-background-size:cover;-o-background-size:cover;background-size:cover;padding: 0px 0px 0px 0px;\"><div class=\"fusion-text fusion-text-3\"><p style=\"text-align: center;\"><div role=\"form\" class=\"wpcf7\" id=\"wpcf7-f19-o1\" lang=\"en-US\" dir=\"ltr\">\n<div class=\"screen-reader-response\"><p role=\"status\" aria-live=\"polite\" aria-atomic=\"true\"><\/p> <ul><\/ul><\/div>\n<form action=\"\/index.php\/wp-json\/wp\/v2\/pages\/8#wpcf7-f19-o1\" method=\"post\" class=\"wpcf7-form init\" novalidate=\"novalidate\" data-status=\"init\">\n<div style=\"display: none;\">\n<input type=\"hidden\" name=\"_wpcf7\" value=\"19\" \/>\n<input type=\"hidden\" name=\"_wpcf7_version\" value=\"5.5.3\" \/>\n<input type=\"hidden\" name=\"_wpcf7_locale\" value=\"en_US\" \/>\n<input type=\"hidden\" name=\"_wpcf7_unit_tag\" value=\"wpcf7-f19-o1\" \/>\n<input type=\"hidden\" name=\"_wpcf7_container_post\" value=\"0\" \/>\n<input type=\"hidden\" name=\"_wpcf7_posted_data_hash\" value=\"\" \/>\n<input type=\"hidden\" name=\"_wpcf7_recaptcha_response\" value=\"\" \/>\n<\/div>\n<p><span class=\"wpcf7-form-control-wrap your-name\"><input type=\"text\" name=\"your-name\" value=\"\" size=\"40\" class=\"wpcf7-form-control wpcf7-text wpcf7-validates-as-required\" aria-required=\"true\" aria-invalid=\"false\" placeholder=\"NAME\" \/><\/span><\/p>\n<p><span class=\"wpcf7-form-control-wrap your-email\"><input type=\"email\" name=\"your-email\" value=\"\" size=\"40\" class=\"wpcf7-form-control wpcf7-text wpcf7-email wpcf7-validates-as-required wpcf7-validates-as-email\" aria-required=\"true\" aria-invalid=\"false\" placeholder=\"EMAIL\" \/><\/span><\/p>\n<p><span class=\"wpcf7-form-control-wrap your-tel\"><input type=\"tel\" name=\"your-tel\" value=\"\" size=\"40\" class=\"wpcf7-form-control wpcf7-text wpcf7-tel wpcf7-validates-as-required wpcf7-validates-as-tel\" aria-required=\"true\" aria-invalid=\"false\" placeholder=\"TELEFONNUMMER\" \/><\/span><\/p>\n<p><label aria-label=\"Location\"><span class=\"wpcf7-form-control-wrap based\"><input type=\"text\" name=\"based\" value=\"\" size=\"40\" class=\"wpcf7-form-control wpcf7-text\" aria-invalid=\"false\" placeholder=\"BETREFF\" \/><\/span><\/label><\/p>\n<p><label aria-label=\"Message\"><span class=\"wpcf7-form-control-wrap your-message\"><textarea name=\"your-message\" cols=\"40\" rows=\"10\" class=\"wpcf7-form-control wpcf7-textarea\" aria-invalid=\"false\" placeholder=\"NACHRICHT\"><\/textarea><\/span><\/label><\/p>\n<p><span class=\"wpcf7-form-control-wrap acceptance-419\"><span class=\"wpcf7-form-control wpcf7-acceptance\"><span class=\"wpcf7-list-item\"><input type=\"checkbox\" name=\"acceptance-419\" value=\"1\" aria-invalid=\"false\" class=\"zd\" id=\"zd\" \/><\/span><\/span><\/span> Ich habe die <b><a href=\"https:\/\/www.rittenimmobilien.eu\/index.php\/privacy\/\">Datenschutzbestimmungen<\/a><\/b> gelesen und bin mit der Verarbeitung meiner pers\u00f6nlichen Daten einverstanden.<\/p>\n<p><input type=\"submit\" value=\"SENDEN\" class=\"wpcf7-form-control has-spinner wpcf7-submit\" \/><\/p>\n<div class=\"fusion-alert alert custom alert-custom fusion-alert-center wpcf7-response-output fusion-alert-capitalize alert-dismissable\" style=\"border-width:0px;\"><button type=\"button\" class=\"close toggle-alert\" data-dismiss=\"alert\" aria-label=\"Close\">&times;<\/button><div class=\"fusion-alert-content-wrapper\"><span class=\"fusion-alert-content\"><\/span><\/div><\/div><\/form><\/div><\/p>\n<\/div><div class=\"fusion-clearfix\"><\/div><\/div><\/div><div class=\"fusion-layout-column fusion_builder_column fusion-builder-column-2 fusion_builder_column_1_1 1_1 fusion-one-full fusion-column-first fusion-column-last\" style=\"margin-top:0px;margin-bottom:0px;\"><div class=\"fusion-column-wrapper fusion-flex-column-wrapper-legacy\" style=\"background-position:left top;background-repeat:no-repeat;-webkit-background-size:cover;-moz-background-size:cover;-o-background-size:cover;background-size:cover;padding: 0px 0px 0px 0px;\"><div class=\"fusion-sep-clear\"><\/div><div class=\"fusion-separator fusion-full-width-sep\" style=\"margin-left: auto;margin-right: auto;margin-top:50px;width:100%;\"><\/div><div class=\"fusion-sep-clear\"><\/div><div class=\"fusion-section-separator section-separator slant fusion-section-separator-1\"><div class=\"fusion-section-separator-svg\" style=\"padding:0;margin-left: 0px;margin-right: 0px;\"><svg class=\"fusion-slant-candy\" xmlns=\"http:\/\/www.w3.org\/2000\/svg\" version=\"1.1\" width=\"100%\" height=\"100\" viewBox=\"0 0 100 100\" preserveAspectRatio=\"none\" style=\"fill:#bed000;padding:0;margin-bottom:-3px;display:block\"><path d=\"M100 0 L0 100 L101 100 Z\"><\/path><\/svg><\/div><div class=\"fusion-section-separator-spacer\"><div class=\"fusion-section-separator-spacer-height\" style=\"height:99px;\"><\/div><\/div><\/div><div class=\"fusion-clearfix\"><\/div><\/div><\/div><\/div><\/div><div class=\"fusion-fullwidth fullwidth-box fusion-builder-row-2 nonhundred-percent-fullwidth non-hundred-percent-height-scrolling\" style=\"background-color: #bed000;background-position: center center;background-repeat: no-repeat;padding-top:80px;padding-right:0px;padding-bottom:70px;padding-left:0px;margin-bottom: 0px;margin-top: 0px;border-width: 0px 0px 0px 0px;border-color:rgba(255,255,255,0);border-style:solid;\" ><div class=\"fusion-builder-row fusion-row\"><div class=\"fusion-layout-column fusion_builder_column fusion-builder-column-3 fusion_builder_column_1_3 1_3 fusion-one-third fusion-column-first\" style=\"width:30.6666%; margin-right: 4%;margin-top:3%;margin-bottom:40px;\"><div class=\"fusion-column-wrapper fusion-flex-column-wrapper-legacy\" style=\"background-position:left top;background-repeat:no-repeat;-webkit-background-size:cover;-moz-background-size:cover;-o-background-size:cover;background-size:cover;padding: 0px 0px 0px 0px;\"><div class=\"fusion-text fusion-text-4\"><h2 style=\"color: #1d2028;\"><span style=\"color: #ffffff;\">Kontaktiere uns!<\/span><\/h2>\n<\/div><div class=\"fusion-sep-clear\"><\/div><div class=\"fusion-separator fusion-clearfix\" style=\"float:left;margin-top:0px;margin-bottom:50px;width:100%;max-width:130px;\"><div class=\"fusion-separator-border sep-single sep-solid\" style=\"border-color:#ffffff;border-top-width:5px;\"><\/div><\/div><div class=\"fusion-sep-clear\"><\/div><div class=\"fusion-text fusion-text-5\"><h6><span style=\"color: #000000;\">DETAILS\u00a0<\/span><span style=\"color: #000000;\">KONTAKT<\/span><\/h6>\n<\/div><div class=\"fusion-text fusion-text-6\"><p style=\"color: #555c6e;\"><span style=\"color: #000000;\">Tel.: +39 340 715 1245<\/span><br \/>\n<span style=\"color: #000000;\">Email: <a style=\"color: #000000;\" href=\"mailto:info@immobilienritten.it\">info@immobilienritten.it<\/a><\/span><br \/>\n<span style=\"color: #000000;\">Pec-Mail:\u00a0<a style=\"color: #000000;\" href=\"mailto:immobilien.ritten@legalmail.it\">immobilien.ritten@legalmail.it<\/a><\/span><br \/>\n<span style=\"color: #000000;\">Web: <a style=\"color: #000000;\" href=\"https:\/\/www.rittenimmobilien.it\">www.rittenimmobilien.it<\/a><\/span><\/p>\n<\/div><div class=\"fusion-clearfix\"><\/div><\/div><\/div><div class=\"fusion-layout-column fusion_builder_column fusion-builder-column-4 fusion_builder_column_1_3 1_3 fusion-one-third\" style=\"width:30.6666%; margin-right: 4%;margin-top:3%;margin-bottom:2%;\"><div class=\"fusion-column-wrapper fusion-flex-column-wrapper-legacy\" style=\"background-position:left top;background-repeat:no-repeat;-webkit-background-size:cover;-moz-background-size:cover;-o-background-size:cover;background-size:cover;padding: 0px 0px 0px 0px;\"><div class=\"fusion-text fusion-text-7\"><h2 style=\"color: #1d2028;\"><span style=\"color: #ffffff;\">Finde uns!<\/span><\/h2>\n<\/div><div class=\"fusion-sep-clear\"><\/div><div class=\"fusion-separator fusion-clearfix\" style=\"float:left;margin-top:0px;margin-bottom:50px;width:100%;max-width:130px;\"><div class=\"fusion-separator-border sep-single sep-solid\" style=\"border-color:#ffffff;border-top-width:5px;\"><\/div><\/div><div class=\"fusion-sep-clear\"><\/div><div class=\"fusion-text fusion-text-8\"><h6><span style=\"color: #000000;\">DETAILS\u00a0<\/span><span style=\"color: #000000;\">ADRESSE<\/span><\/h6>\n<\/div><div class=\"fusion-text fusion-text-9\"><p style=\"color: #555c6e;\"><span style=\"color: #000000;\">I-39054 Ritten\/Renon<\/span><br \/>\n<span style=\"color: #000000;\">Unterinn\/Auna di Sotto (BZ)<\/span><br \/>\n<span style=\"color: #000000;\">Huberweg\/Via Huber 93<\/span><\/p>\n<\/div><div class=\"fusion-clearfix\"><\/div><\/div><\/div><div class=\"fusion-layout-column fusion_builder_column fusion-builder-column-5 fusion_builder_column_1_3 1_3 fusion-one-third fusion-column-last\" style=\"width:30.6666%;margin-top:3%;margin-bottom:2%;\"><div class=\"fusion-column-wrapper fusion-flex-column-wrapper-legacy\" style=\"background-position:left top;background-repeat:no-repeat;-webkit-background-size:cover;-moz-background-size:cover;-o-background-size:cover;background-size:cover;padding: 0px 0px 0px 0px;\"><div class=\"imageframe-align-center\"><span class=\" fusion-imageframe imageframe-glow imageframe-1 hover-type-zoomin\" style=\"-webkit-box-shadow: 0 0 3px rgba(29,32,40,0.3);box-shadow: 0 0 3px rgba(29,32,40,0.3);\"><img width=\"1600\" height=\"1068\" src=\"https:\/\/www.rittenimmobilien.eu\/r19\/wp-content\/uploads\/2016\/06\/RI-B-03.jpg\" class=\"img-responsive wp-image-1049\" srcset=\"https:\/\/www.rittenimmobilien.eu\/r19\/wp-content\/uploads\/2016\/06\/RI-B-03-200x134.jpg 200w, https:\/\/www.rittenimmobilien.eu\/r19\/wp-content\/uploads\/2016\/06\/RI-B-03-400x267.jpg 400w, https:\/\/www.rittenimmobilien.eu\/r19\/wp-content\/uploads\/2016\/06\/RI-B-03-600x401.jpg 600w, https:\/\/www.rittenimmobilien.eu\/r19\/wp-content\/uploads\/2016\/06\/RI-B-03-800x534.jpg 800w, https:\/\/www.rittenimmobilien.eu\/r19\/wp-content\/uploads\/2016\/06\/RI-B-03-1200x801.jpg 1200w, https:\/\/www.rittenimmobilien.eu\/r19\/wp-content\/uploads\/2016\/06\/RI-B-03.jpg 1600w\" sizes=\"(max-width: 800px) 100vw, 400px\" \/><\/span><\/div><div class=\"fusion-clearfix\"><\/div><\/div><\/div><\/div><\/div><div class=\"fusion-bg-parallax\" data-bg-align=\"center center\" data-direction=\"up\" data-mute=\"false\" data-opacity=\"100\" data-velocity=\"-0.3\" data-mobile-enabled=\"false\" data-break_parents=\"0\" data-bg-image=\"https:\/\/www.rittenimmobilien.eu\/r19\/wp-content\/uploads\/2016\/06\/RI-B-10.jpg\" data-bg-repeat=\"false\" data-bg-color=\"#2d313a\" ><\/div><div class=\"fusion-fullwidth fullwidth-box fusion-builder-row-3 fusion-parallax-up nonhundred-percent-fullwidth non-hundred-percent-height-scrolling\" style=\"background-color: #2d313a;background-image: url(&quot;https:\/\/www.rittenimmobilien.eu\/r19\/wp-content\/uploads\/2016\/06\/RI-B-10.jpg&quot;);background-position: center center;background-repeat: no-repeat;padding-top:0px;padding-right:0px;padding-bottom:95px;padding-left:0px;margin-bottom: 0px;margin-top: 0px;border-width: 0px 0px 0px 0px;border-color:rgba(255,255,255,0);border-style:solid;-webkit-background-size:cover;-moz-background-size:cover;-o-background-size:cover;background-size:cover;\" ><div class=\"fusion-builder-row fusion-row\"><div class=\"fusion-layout-column fusion_builder_column fusion-builder-column-6 fusion_builder_column_1_1 1_1 fusion-one-full fusion-column-first fusion-column-last\" style=\"margin-top:0px;margin-bottom:0px;\"><div class=\"fusion-column-wrapper fusion-flex-column-wrapper-legacy\" style=\"background-position:left top;background-repeat:no-repeat;-webkit-background-size:cover;-moz-background-size:cover;-o-background-size:cover;background-size:cover;padding: 0px 0px 0px 0px;\"><div class=\"fusion-section-separator section-separator slant fusion-section-separator-2\"><div class=\"fusion-section-separator-svg\" style=\"padding:0;margin-left: 0px;margin-right: 0px;\"><svg class=\"fusion-slant-candy\" xmlns=\"http:\/\/www.w3.org\/2000\/svg\" version=\"1.1\" width=\"100%\" height=\"100\" viewBox=\"0 0 100 100\" preserveAspectRatio=\"none\" style=\"fill:#bed000;padding:0;\"><path d=\"M0 100 L0 0 L100 0 Z\"><\/path><\/svg><\/div><div class=\"fusion-section-separator-spacer\"><div class=\"fusion-section-separator-spacer-height\" style=\"height:99px;\"><\/div><\/div><\/div><div class=\"fusion-sep-clear\"><\/div><div class=\"fusion-separator fusion-full-width-sep\" style=\"margin-left: auto;margin-right: auto;margin-bottom:40px;width:100%;\"><\/div><div class=\"fusion-sep-clear\"><\/div><div class=\"fusion-clearfix\"><\/div><\/div><\/div><div class=\"fusion-layout-column fusion_builder_column fusion-builder-column-7 fusion_builder_column_1_6 1_6 fusion-one-sixth fusion-column-first fusion-no-small-visibility\" style=\"width:13.3333%; margin-right: 4%;margin-top:0px;margin-bottom:0px;\"><div class=\"fusion-column-wrapper fusion-flex-column-wrapper-legacy\" style=\"background-position:left top;background-repeat:no-repeat;-webkit-background-size:cover;-moz-background-size:cover;-o-background-size:cover;background-size:cover;padding: 0px 0px 0px 0px;\"><div class=\"fusion-clearfix\"><\/div><\/div><\/div><div class=\"fusion-layout-column fusion_builder_column fusion-builder-column-8 fusion_builder_column_2_3 2_3 fusion-two-third\" style=\"width:65.3333%; margin-right: 4%;margin-top:50px;margin-bottom:0px;\"><div class=\"fusion-column-wrapper fusion-flex-column-wrapper-legacy\" style=\"background-position:left top;background-repeat:no-repeat;-webkit-background-size:cover;-moz-background-size:cover;-o-background-size:cover;background-size:cover;padding: 0px 0px 0px 0px;\"><div class=\"fusion-text fusion-text-10\"><h2 style=\"text-align: center;\"><i><span style=\"color: #bed000;\">Ritten<\/span> Immobilien<\/i><\/h2>\n<\/div><div class=\"fusion-text fusion-text-11\"><h6 style=\"text-align: center;\"><span style=\"color: #ffffff;\">Ihr Vertrauens-Immobilien-Partner<\/span><\/h6>\n<\/div><div class=\"fusion-sep-clear\"><\/div><div class=\"fusion-separator\" style=\"margin-left: auto;margin-right: auto;margin-top:0px;margin-bottom:50px;width:100%;max-width:130px;\"><div class=\"fusion-separator-border sep-single sep-solid\" style=\"border-color:#ffffff;border-top-width:1px;\"><\/div><\/div><div class=\"fusion-sep-clear\"><\/div><div class=\"fusion-text fusion-text-12\"><h4 style=\"text-align: center;\"><span style=\"color: #ffffff;\"><em>Dabei z\u00e4hlen neben der individuellen Kundenbetreuung durch unsere qualifizierten Mitarbeiterinnen und Mitarbeiter ma\u00dfgeblich die folgenden Dienstleistungen zu unseren Kernkompetenzen: Vermietung, Sch\u00e4tzungen, Kauf von Baugr\u00fcnden und Objekten, Bautreuhand, Verkauf und Finanzierungsberatung<\/em><\/span><\/h4>\n<\/div><div class=\"fusion-clearfix\"><\/div><\/div><\/div><div class=\"fusion-layout-column fusion_builder_column fusion-builder-column-9 fusion_builder_column_1_6 1_6 fusion-one-sixth fusion-column-last fusion-no-small-visibility\" style=\"width:13.3333%;margin-top:0px;margin-bottom:0px;\"><div class=\"fusion-column-wrapper fusion-flex-column-wrapper-legacy\" style=\"background-position:left top;background-repeat:no-repeat;-webkit-background-size:cover;-moz-background-size:cover;-o-background-size:cover;background-size:cover;padding: 0px 0px 0px 0px;\"><div class=\"fusion-clearfix\"><\/div><\/div><\/div><\/div><\/div><\/p>\n","protected":false},"excerpt":{"rendered":"","protected":false},"author":1,"featured_media":0,"parent":0,"menu_order":0,"comment_status":"closed","ping_status":"closed","template":"100-width.php","meta":{"_bbp_topic_count":0,"_bbp_reply_count":0,"_bbp_total_topic_count":0,"_bbp_total_reply_count":0,"_bbp_voice_count":0,"_bbp_anonymous_reply_count":0,"_bbp_topic_count_hidden":0,"_bbp_reply_count_hidden":0,"_bbp_forum_subforum_count":0},"_links":{"self":[{"href":"https:\/\/www.rittenimmobilien.eu\/index.php\/wp-json\/wp\/v2\/pages\/8"}],"collection":[{"href":"https:\/\/www.rittenimmobilien.eu\/index.php\/wp-json\/wp\/v2\/pages"}],"about":[{"href":"https:\/\/www.rittenimmobilien.eu\/index.php\/wp-json\/wp\/v2\/types\/page"}],"author":[{"embeddable":true,"href":"https:\/\/www.rittenimmobilien.eu\/index.php\/wp-json\/wp\/v2\/users\/1"}],"replies":[{"embeddable":true,"href":"https:\/\/www.rittenimmobilien.eu\/index.php\/wp-json\/wp\/v2\/comments?post=8"}],"version-history":[{"count":18,"href":"https:\/\/www.rittenimmobilien.eu\/index.php\/wp-json\/wp\/v2\/pages\/8\/revisions"}],"predecessor-version":[{"id":1903,"href":"https:\/\/www.rittenimmobilien.eu\/index.php\/wp-json\/wp\/v2\/pages\/8\/revisions\/1903"}],"wp:attachment":[{"href":"https:\/\/www.rittenimmobilien.eu\/index.php\/wp-json\/wp\/v2\/media?parent=8"}],"curies":[{"name":"wp","href":"https:\/\/api.w.org\/{rel}","templated":true}]}}